{"id":201,"date":"2018-01-29T12:57:37","date_gmt":"2018-01-29T12:57:37","guid":{"rendered":"http:\/\/trffk.wpengine.com\/?page_id=201"},"modified":"2023-03-22T11:55:47","modified_gmt":"2023-03-22T16:55:47","slug":"service","status":"publish","type":"page","link":"https:\/\/www.trffk.ca\/fr\/service\/","title":{"rendered":"<p>Service<\/p>"},"content":{"rendered":"<section class=\"wpb-content-wrapper\"><div class=\"vc_row wpb_row section vc_row-fluid\" style=\" text-align:left;\"><div class=\"full_section_inner clearfix\"><div class=\"wpb_column vc_column_container vc_col-sm-12\"><div class=\"vc_column-inner\"><div class=\"wpb_wrapper\"><div class=\"vc_row wpb_row section vc_row-fluid vc_inner  pad_50 grid_section\" style=\" padding-top:100px; padding-bottom:100px; text-align:center;\"><div class=\"section_inner clearfix\"><div class=\"section_inner_margin clearfix\"><div class=\"wpb_column vc_column_container vc_col-sm-12\"><div class=\"vc_column-inner\"><div class=\"wpb_wrapper\">\n\t<div class=\"wpb_text_column wpb_content_element\">\n\t\t<div class=\"wpb_wrapper\">\n\t\t\t<p>Avec TRFFK propuls\u00e9 par autoTRADER.ca, vous n'obtenez pas seulement des solutions et des strat\u00e9gies optimales. Vous b\u00e9n\u00e9ficiez d'une \u00e9quipe polyvalente qui poss\u00e8de une exp\u00e9rience pointue du marketing et de l'industrie automobile pour les mettre en \u0153uvre pour vous. Des consultants en strat\u00e9gie en ligne aux analystes num\u00e9riques, notre \u00e9quipe travaille en coh\u00e9sion pour s'assurer que vos campagnes sont optimis\u00e9es \u00e0 chaque \u00e9tape. Avec un point de contact unique, des appels r\u00e9guliers, des r\u00e9unions, des mises \u00e0 jour et des formations, vous pouvez \u00eatre s\u00fbr d'\u00eatre entre de bonnes mains avec l'\u00e9quipe TRFFK.<\/p>\n\n\t\t<\/div> \n\t<\/div> <\/div><\/div><\/div><\/div><\/div><\/div><div id=\"pad_0\" class=\"vc_row wpb_row section vc_row-fluid vc_inner  grid_section\" style=\" padding-bottom:70px; text-align:center;\"><div class=\"section_inner clearfix\"><div class=\"section_inner_margin clearfix\"><div class=\"wpb_column vc_column_container vc_col-sm-3\"><div class=\"vc_column-inner\"><div class=\"wpb_wrapper\">\n\t<div class=\"wpb_text_column wpb_content_element\">\n\t\t<div class=\"wpb_wrapper\">\n\t\t\t<div class=\"image_holder\"><a class=\"cs_circle_holder\" href=\"#responsive_support\"><img loading=\"lazy\" decoding=\"async\" class=\"front-img size-full wp-image-161\" src=\"\/wp-content\/uploads\/2018\/02\/responsive-icon.png\" alt=\"\" width=\"78\" height=\"93\"><br>\n<img loading=\"lazy\" decoding=\"async\" class=\"img-hover size-full wp-image-171\" src=\"\/wp-content\/uploads\/2018\/02\/responsive-hover.png\" alt=\"\" width=\"78\" height=\"93\"><\/a><\/div>\n<div class=\"image_text_inner\">\n<h5 class=\"image_title\">Soutien r\u00e9actif<\/h5>\n<\/div>\n\n\t\t<\/div> \n\t<\/div> <\/div><\/div><\/div><div class=\"wpb_column vc_column_container vc_col-sm-3\"><div class=\"vc_column-inner\"><div class=\"wpb_wrapper\">\n\t<div class=\"wpb_text_column wpb_content_element\">\n\t\t<div class=\"wpb_wrapper\">\n\t\t\t<div class=\"image_holder\"><a class=\"cs_circle_holder\" href=\"#performance_management\"><img loading=\"lazy\" decoding=\"async\" class=\"front-img size-full wp-image-161\" src=\"\/wp-content\/uploads\/2018\/02\/performance-mang-icon.png\" alt=\"\" width=\"78\" height=\"93\"><br>\n<img loading=\"lazy\" decoding=\"async\" class=\"img-hover size-full wp-image-171\" src=\"\/wp-content\/uploads\/2018\/02\/performance-mang-hover.png\" alt=\"\" width=\"78\" height=\"93\"><\/a><\/div>\n<div class=\"image_text_inner\">\n<h5 class=\"image_title\">Gestion des performances<\/h5>\n<\/div>\n\n\t\t<\/div> \n\t<\/div> <\/div><\/div><\/div><div class=\"wpb_column vc_column_container vc_col-sm-3\"><div class=\"vc_column-inner\"><div class=\"wpb_wrapper\">\n\t<div class=\"wpb_text_column wpb_content_element\">\n\t\t<div class=\"wpb_wrapper\">\n\t\t\t<div class=\"image_holder\"><a class=\"cs_circle_holder\" href=\"#campaign_architecture\"><img loading=\"lazy\" decoding=\"async\" class=\"front-img size-full wp-image-161\" src=\"\/wp-content\/uploads\/2018\/02\/campaign-archi-icon.png\" alt=\"\" width=\"78\" height=\"93\"><br>\n<img loading=\"lazy\" decoding=\"async\" class=\"img-hover size-full wp-image-171\" src=\"\/wp-content\/uploads\/2018\/02\/campaign-archi-hover.png\" alt=\"\" width=\"78\" height=\"93\"><\/a><\/div>\n<div class=\"image_text_inner\">\n<h5 class=\"image_title\">Architecture de la campagne<\/h5>\n<\/div>\n\n\t\t<\/div> \n\t<\/div> <\/div><\/div><\/div><div class=\"wpb_column vc_column_container vc_col-sm-3\"><div class=\"vc_column-inner\"><div class=\"wpb_wrapper\">\n\t<div class=\"wpb_text_column wpb_content_element\">\n\t\t<div class=\"wpb_wrapper\">\n\t\t\t<div class=\"image_holder\"><a class=\"cs_circle_holder\" href=\"#search_optimization\"><img loading=\"lazy\" decoding=\"async\" class=\"front-img size-full wp-image-161\" src=\"\/wp-content\/uploads\/2018\/02\/search-opti-icon.png\" alt=\"\" width=\"78\" height=\"93\"><br>\n<img loading=\"lazy\" decoding=\"async\" class=\"img-hover size-full wp-image-171\" src=\"\/wp-content\/uploads\/2018\/02\/search-opti-hover.png\" alt=\"\" width=\"78\" height=\"93\"><\/a><\/div>\n<div class=\"image_text_inner\">\n<h5 class=\"image_title\">Optimisation de la recherche<\/h5>\n<\/div>\n\n\t\t<\/div> \n\t<\/div> <\/div><\/div><\/div><\/div><\/div><\/div><div class=\"vc_row wpb_row section vc_row-fluid vc_inner  grid_section\" style=\" padding-bottom:50px; text-align:center;\"><div class=\"section_inner clearfix\"><div class=\"section_inner_margin clearfix\"><div class=\"wpb_column vc_column_container vc_col-sm-12\"><div class=\"vc_column-inner\"><div class=\"wpb_wrapper\"><a itemprop=\"url\" href=\"https:\/\/www.trffk.ca\/fr\/contact-us\/\" target=\"_self\" data-hover-background-color=\"#ffffff\" data-hover-border-color=\"#ed1c24\" data-hover-color=\"#ed1c24\" class=\"qbutton  big_large center enlarge\" style=\"color: #ffffff; border-color: #ed1c24; border-radius: 0px;-moz-border-radius: 0px;-webkit-border-radius: 0px; background-color: #ed1c24;\">En savoir plus<\/a><\/div><\/div><\/div><\/div><\/div><\/div><\/div><\/div><\/div><\/div><\/div><div id=\"responsive_support\" class=\"vc_row wpb_row section vc_row-fluid\" style=\"background-image:url(https:\/\/www.trffk.ca\/wp-content\/uploads\/2018\/02\/reponsive-Bg.jpg); padding-top:100px; padding-bottom:100px; text-align:left;\"><div class=\"full_section_inner clearfix\"><div class=\"wpb_column vc_column_container vc_col-sm-12\"><div class=\"vc_column-inner\"><div class=\"wpb_wrapper\"><div class=\"vc_row wpb_row section vc_row-fluid vc_inner  vertical-mid grid_section\" style=\" text-align:left;\"><div class=\"section_inner clearfix\"><div class=\"section_inner_margin clearfix\"><div class=\"wpb_column vc_column_container vc_col-sm-6\"><div class=\"vc_column-inner\"><div class=\"wpb_wrapper\">\n\t<div class=\"wpb_single_image wpb_content_element vc_align_left\">\n\t\t<div class=\"wpb_wrapper\">\n\t\t\t\n\t\t\t<div class=\"vc_single_image-wrapper   vc_box_border_grey\"><img loading=\"lazy\" decoding=\"async\" width=\"300\" height=\"300\" src=\"https:\/\/www.trffk.ca\/wp-content\/uploads\/2018\/02\/resposive-custom-img-300x300.png\" class=\"vc_single_image-img attachment-medium\" alt=\"\" title=\"resposive-custom-img\" srcset=\"https:\/\/www.trffk.ca\/wp-content\/uploads\/2018\/02\/resposive-custom-img-300x300.png 300w, https:\/\/www.trffk.ca\/wp-content\/uploads\/2018\/02\/resposive-custom-img-150x150.png 150w, https:\/\/www.trffk.ca\/wp-content\/uploads\/2018\/02\/resposive-custom-img-570x570.png 570w, https:\/\/www.trffk.ca\/wp-content\/uploads\/2018\/02\/resposive-custom-img-500x500.png 500w, https:\/\/www.trffk.ca\/wp-content\/uploads\/2018\/02\/resposive-custom-img.png 670w\" sizes=\"auto, (max-width: 300px) 100vw, 300px\"><\/div>\n\t\t<\/div>\n\t<\/div>\n<\/div><\/div><\/div><div class=\"wpb_column vc_column_container vc_col-sm-6\"><div class=\"vc_column-inner\"><div class=\"wpb_wrapper\">\n\t<div class=\"wpb_text_column wpb_content_element  inner-page-contect\">\n\t\t<div class=\"wpb_wrapper\">\n\t\t\t<h4>Soutien r\u00e9actif<\/h4>\n<p>Chat en direct, assistance t\u00e9l\u00e9phonique et d\u00e9lais d'ex\u00e9cution rapides pour vous permettre de fonctionner \u00e0 votre rythme. Ma\u00eetre de la strat\u00e9gie digitale avec une vision holistique de vos campagnes, votre Online Strategy Consultant (OSC) est votre principal point de contact. Supervisant les sites web, l'optimisation des conversions, l'analyse de la concurrence et les audits techniques approfondis, leur compr\u00e9hension avanc\u00e9e de la strat\u00e9gie num\u00e9rique ouvre la voie au reste de l'\u00e9quipe.<\/p>\n<p><a class=\"find-more-btn\" href=\"https:\/\/www.trffk.ca\/fr\/contact-us\/\">En savoir plus<\/a><\/p>\n\n\t\t<\/div> \n\t<\/div> <\/div><\/div><\/div><\/div><\/div><\/div><\/div><\/div><\/div><\/div><\/div><div id=\"performance_management\" class=\"vc_row wpb_row section vc_row-fluid\" style=\"background-color:#ffffff; padding-top:100px; padding-bottom:100px; text-align:left;\"><div class=\"full_section_inner clearfix\"><div class=\"wpb_column vc_column_container vc_col-sm-12\"><div class=\"vc_column-inner\"><div class=\"wpb_wrapper\"><div class=\"vc_row wpb_row section vc_row-fluid vc_inner  vertical-mid grid_section\" style=\" text-align:left;\"><div class=\"section_inner clearfix\"><div class=\"section_inner_margin clearfix\"><div class=\"wpb_column vc_column_container vc_col-sm-6\"><div class=\"vc_column-inner\"><div class=\"wpb_wrapper\">\n\t<div class=\"wpb_single_image wpb_content_element vc_align_left   mob-dsply\">\n\t\t<div class=\"wpb_wrapper\">\n\t\t\t\n\t\t\t<div class=\"vc_single_image-wrapper   vc_box_border_grey\"><img loading=\"lazy\" decoding=\"async\" width=\"300\" height=\"300\" src=\"https:\/\/www.trffk.ca\/wp-content\/uploads\/2018\/02\/performance-img-300x300.png\" class=\"vc_single_image-img attachment-medium\" alt=\"\" title=\"performance-img\" srcset=\"https:\/\/www.trffk.ca\/wp-content\/uploads\/2018\/02\/performance-img-300x300.png 300w, https:\/\/www.trffk.ca\/wp-content\/uploads\/2018\/02\/performance-img-150x150.png 150w, https:\/\/www.trffk.ca\/wp-content\/uploads\/2018\/02\/performance-img-570x570.png 570w, https:\/\/www.trffk.ca\/wp-content\/uploads\/2018\/02\/performance-img-500x500.png 500w, https:\/\/www.trffk.ca\/wp-content\/uploads\/2018\/02\/performance-img.png 670w\" sizes=\"auto, (max-width: 300px) 100vw, 300px\"><\/div>\n\t\t<\/div>\n\t<\/div>\n\n\t<div class=\"wpb_text_column wpb_content_element  inner-page-contect without-bg\">\n\t\t<div class=\"wpb_wrapper\">\n\t\t\t<h4>Gestion des performances<\/h4>\n<p>Nos strat\u00e8ges num\u00e9riques sont en premi\u00e8re ligne de l'achat de m\u00e9dias et de la gestion des performances de vos campagnes. Ils proc\u00e8dent \u00e0 des \u00e9valuations mensuelles des performances et travaillent en partenariat avec vous, en \u00e9coutant vos commentaires et en agissant en cons\u00e9quence. De plus, ils sont experts en Search, Programmatic Display et Paid Social Marketing afin que vos campagnes soient toujours optimis\u00e9es.<\/p>\n<p><a class=\"find-more-btn\" href=\"https:\/\/www.trffk.ca\/fr\/contact-us\/\">En savoir plus<\/a><\/p>\n\n\t\t<\/div> \n\t<\/div> <\/div><\/div><\/div><div class=\"wpb_column vc_column_container vc_col-sm-6\"><div class=\"vc_column-inner\"><div class=\"wpb_wrapper\">\n\t<div class=\"wpb_single_image wpb_content_element vc_align_left   mob-hide\">\n\t\t<div class=\"wpb_wrapper\">\n\t\t\t\n\t\t\t<div class=\"vc_single_image-wrapper   vc_box_border_grey\"><img loading=\"lazy\" decoding=\"async\" width=\"300\" height=\"300\" src=\"https:\/\/www.trffk.ca\/wp-content\/uploads\/2018\/02\/performance-img-300x300.png\" class=\"vc_single_image-img attachment-medium\" alt=\"\" title=\"performance-img\" srcset=\"https:\/\/www.trffk.ca\/wp-content\/uploads\/2018\/02\/performance-img-300x300.png 300w, https:\/\/www.trffk.ca\/wp-content\/uploads\/2018\/02\/performance-img-150x150.png 150w, https:\/\/www.trffk.ca\/wp-content\/uploads\/2018\/02\/performance-img-570x570.png 570w, https:\/\/www.trffk.ca\/wp-content\/uploads\/2018\/02\/performance-img-500x500.png 500w, https:\/\/www.trffk.ca\/wp-content\/uploads\/2018\/02\/performance-img.png 670w\" sizes=\"auto, (max-width: 300px) 100vw, 300px\"><\/div>\n\t\t<\/div>\n\t<\/div>\n<\/div><\/div><\/div><\/div><\/div><\/div><\/div><\/div><\/div><\/div><\/div><div id=\"campaign_architecture\" class=\"vc_row wpb_row section vc_row-fluid\" style=\"background-image:url(https:\/\/www.trffk.ca\/wp-content\/uploads\/2018\/02\/campaign-archi-Bg.jpg); padding-top:100px; padding-bottom:100px; text-align:left;\"><div class=\"full_section_inner clearfix\"><div class=\"wpb_column vc_column_container vc_col-sm-12\"><div class=\"vc_column-inner\"><div class=\"wpb_wrapper\"><div class=\"vc_row wpb_row section vc_row-fluid vc_inner  vertical-mid grid_section\" style=\" text-align:left;\"><div class=\"section_inner clearfix\"><div class=\"section_inner_margin clearfix\"><div class=\"wpb_column vc_column_container vc_col-sm-6\"><div class=\"vc_column-inner\"><div class=\"wpb_wrapper\">\n\t<div class=\"wpb_single_image wpb_content_element vc_align_left\">\n\t\t<div class=\"wpb_wrapper\">\n\t\t\t\n\t\t\t<div class=\"vc_single_image-wrapper   vc_box_border_grey\"><img loading=\"lazy\" decoding=\"async\" width=\"300\" height=\"300\" src=\"https:\/\/www.trffk.ca\/wp-content\/uploads\/2018\/02\/campaign-archi-img-300x300.png\" class=\"vc_single_image-img attachment-medium\" alt=\"\" title=\"campagne-archi-img\" srcset=\"https:\/\/www.trffk.ca\/wp-content\/uploads\/2018\/02\/campaign-archi-img-300x300.png 300w, https:\/\/www.trffk.ca\/wp-content\/uploads\/2018\/02\/campaign-archi-img-150x150.png 150w, https:\/\/www.trffk.ca\/wp-content\/uploads\/2018\/02\/campaign-archi-img-570x570.png 570w, https:\/\/www.trffk.ca\/wp-content\/uploads\/2018\/02\/campaign-archi-img-500x500.png 500w, https:\/\/www.trffk.ca\/wp-content\/uploads\/2018\/02\/campaign-archi-img.png 670w\" sizes=\"auto, (max-width: 300px) 100vw, 300px\"><\/div>\n\t\t<\/div>\n\t<\/div>\n<\/div><\/div><\/div><div class=\"wpb_column vc_column_container vc_col-sm-6\"><div class=\"vc_column-inner\"><div class=\"wpb_wrapper\">\n\t<div class=\"wpb_text_column wpb_content_element  inner-page-contect\">\n\t\t<div class=\"wpb_wrapper\">\n\t\t\t<h4>Architecture de la campagne<\/h4>\n<p>Vous ne rencontrerez peut-\u00eatre pas votre sp\u00e9cialiste en op\u00e9rations publicitaires, mais vous saurez qu'il est l\u00e0, travaillant en coulisse pour mettre en place l'architecture de vos campagnes et s'assurer que vos donn\u00e9es d'audience sont enti\u00e8rement optimis\u00e9es. Ces sp\u00e9cialistes hautement techniques veilleront \u00e0 ce que les bonnes audiences soient constamment cibl\u00e9es et \u00e0 ce que les performances de la campagne soient sup\u00e9rieures.<\/p>\n<p><a class=\"find-more-btn\" href=\"https:\/\/www.trffk.ca\/fr\/contact-us\/\">En savoir plus<\/a><\/p>\n\n\t\t<\/div> \n\t<\/div> <\/div><\/div><\/div><\/div><\/div><\/div><\/div><\/div><\/div><\/div><\/div><div id=\"search_optimization\" class=\"vc_row wpb_row section vc_row-fluid\" style=\"background-image:url(https:\/\/www.trffk.ca\/wp-content\/uploads\/2018\/02\/search-opti-Bg.jpg); padding-top:100px; padding-bottom:100px; text-align:left;\"><div class=\"full_section_inner clearfix\"><div class=\"wpb_column vc_column_container vc_col-sm-12\"><div class=\"vc_column-inner\"><div class=\"wpb_wrapper\"><div class=\"vc_row wpb_row section vc_row-fluid vc_inner  vertical-mid grid_section\" style=\" text-align:left;\"><div class=\"section_inner clearfix\"><div class=\"section_inner_margin clearfix\"><div class=\"wpb_column vc_column_container vc_col-sm-6\"><div class=\"vc_column-inner\"><div class=\"wpb_wrapper\">\n\t<div class=\"wpb_single_image wpb_content_element vc_align_left   mob-dsply\">\n\t\t<div class=\"wpb_wrapper\">\n\t\t\t\n\t\t\t<div class=\"vc_single_image-wrapper   vc_box_border_grey\"><img loading=\"lazy\" decoding=\"async\" width=\"300\" height=\"300\" src=\"https:\/\/www.trffk.ca\/wp-content\/uploads\/2018\/02\/search-opti-img-300x300.png\" class=\"vc_single_image-img attachment-medium\" alt=\"\" title=\"search-opti-img\" srcset=\"https:\/\/www.trffk.ca\/wp-content\/uploads\/2018\/02\/search-opti-img-300x300.png 300w, https:\/\/www.trffk.ca\/wp-content\/uploads\/2018\/02\/search-opti-img-150x150.png 150w, https:\/\/www.trffk.ca\/wp-content\/uploads\/2018\/02\/search-opti-img-570x570.png 570w, https:\/\/www.trffk.ca\/wp-content\/uploads\/2018\/02\/search-opti-img-500x500.png 500w, https:\/\/www.trffk.ca\/wp-content\/uploads\/2018\/02\/search-opti-img.png 670w\" sizes=\"auto, (max-width: 300px) 100vw, 300px\"><\/div>\n\t\t<\/div>\n\t<\/div>\n\n\t<div class=\"wpb_text_column wpb_content_element  inner-page-contect without-bg\">\n\t\t<div class=\"wpb_wrapper\">\n\t\t\t<h4>Optimisation de la recherche<\/h4>\n<p>Du SEO on-page (comme le contenu de la page web et le HTML) au SEO off-page (comme les backlinks et les m\u00e9dias sociaux), nos analystes num\u00e9riques se concentrent sur les strat\u00e9gies de recherche organique. Leur objectif est de conduire des acheteurs cibl\u00e9s et de haute qualit\u00e9 sur le march\u00e9 vers votre concession.<\/p>\n<p><a class=\"find-more-btn\" href=\"https:\/\/www.trffk.ca\/fr\/contact-us\/\">En savoir plus<\/a><\/p>\n\n\t\t<\/div> \n\t<\/div> <\/div><\/div><\/div><div class=\"wpb_column vc_column_container vc_col-sm-6\"><div class=\"vc_column-inner\"><div class=\"wpb_wrapper\">\n\t<div class=\"wpb_single_image wpb_content_element vc_align_left   mob-hide\">\n\t\t<div class=\"wpb_wrapper\">\n\t\t\t\n\t\t\t<div class=\"vc_single_image-wrapper   vc_box_border_grey\"><img loading=\"lazy\" decoding=\"async\" width=\"300\" height=\"300\" src=\"https:\/\/www.trffk.ca\/wp-content\/uploads\/2018\/02\/search-opti-img-300x300.png\" class=\"vc_single_image-img attachment-medium\" alt=\"\" title=\"search-opti-img\" srcset=\"https:\/\/www.trffk.ca\/wp-content\/uploads\/2018\/02\/search-opti-img-300x300.png 300w, https:\/\/www.trffk.ca\/wp-content\/uploads\/2018\/02\/search-opti-img-150x150.png 150w, https:\/\/www.trffk.ca\/wp-content\/uploads\/2018\/02\/search-opti-img-570x570.png 570w, https:\/\/www.trffk.ca\/wp-content\/uploads\/2018\/02\/search-opti-img-500x500.png 500w, https:\/\/www.trffk.ca\/wp-content\/uploads\/2018\/02\/search-opti-img.png 670w\" sizes=\"auto, (max-width: 300px) 100vw, 300px\"><\/div>\n\t\t<\/div>\n\t<\/div>\n<\/div><\/div><\/div><\/div><\/div><\/div><\/div><\/div><\/div><\/div><\/div><div class=\"vc_row wpb_row section vc_row-fluid\" style=\" text-align:left;\"><div class=\"full_section_inner clearfix\"><div class=\"wpb_column vc_column_container vc_col-sm-12\"><div class=\"vc_column-inner\"><div class=\"wpb_wrapper\">\n\t<div class=\"wpb_text_column wpb_content_element\">\n\t\t<div class=\"wpb_wrapper\">\n\t\t\t\n\t\t<\/div> \n\t<\/div> <\/div><\/div><\/div><\/div><\/div><div class=\"vc_row wpb_row section vc_row-fluid  vc_custom_1542905146545\" style=\" text-align:left;\"><div class=\"full_section_inner clearfix\"><div class=\"wpb_column vc_column_container vc_col-sm-12\"><div class=\"vc_column-inner\"><div class=\"wpb_wrapper\"><div class=\"vc_row wpb_row section vc_row-fluid vc_inner  pad_50 grid_section\" style=\" padding-top:100px; text-align:center;\"><div class=\"section_inner clearfix\"><div class=\"section_inner_margin clearfix\"><div class=\"wpb_column vc_column_container vc_col-sm-12\"><div class=\"vc_column-inner\"><div class=\"wpb_wrapper\">\n\t<div class=\"wpb_text_column wpb_content_element  sec_contect\">\n\t\t<div class=\"wpb_wrapper\">\n\t\t\t<h1>Partenaires<\/h1>\n\n\t\t<\/div> \n\t<\/div> \n\t<div class=\"wpb_single_image wpb_content_element vc_align_center  vc_custom_1517211906117\">\n\t\t<div class=\"wpb_wrapper\">\n\t\t\t\n\t\t\t<div class=\"vc_single_image-wrapper   vc_box_border_grey\"><img loading=\"lazy\" decoding=\"async\" class=\"vc_single_image-img\" src=\"https:\/\/www.trffk.ca\/wp-content\/uploads\/2018\/01\/pattern-bar.png\" width=\"126\" height=\"11\" alt=\"pattern-bar\" title=\"barre de motif\"><\/div>\n\t\t<\/div>\n\t<\/div>\n<\/div><\/div><\/div><\/div><\/div><\/div><div class=\"vc_row wpb_row section vc_row-fluid vc_inner  cs_icons_row cs_icons_row2 grid_section\" style=\" text-align:center;\"><div class=\"section_inner clearfix\"><div class=\"section_inner_margin clearfix\"><div class=\"light_box wpb_column vc_column_container vc_col-sm-4\"><div class=\"vc_column-inner\"><div class=\"wpb_wrapper\">\n\t<div class=\"wpb_single_image wpb_content_element vc_align_center\">\n\t\t<div class=\"wpb_wrapper\">\n\t\t\t\n\t\t\t<a href=\"https:\/\/www.google.com\/partners\/agency?id=2980717690\" target=\"_blank\"><div class=\"vc_single_image-wrapper   vc_box_border_grey\"><img loading=\"lazy\" decoding=\"async\" class=\"vc_single_image-img\" src=\"https:\/\/www.trffk.ca\/wp-content\/uploads\/2022\/08\/Google-Premier-Partner-Automotive-2022-RGB-Square-200x200.png\" width=\"200\" height=\"200\" alt=\"Google Premier Partner\" title=\"Google Premier Partner Automotive 2022-RGB Square\"><\/div><\/a>\n\t\t<\/div>\n\t<\/div>\n<\/div><\/div><\/div><div class=\"light_box wpb_column vc_column_container vc_col-sm-4\"><div class=\"vc_column-inner\"><div class=\"wpb_wrapper\">\n\t<div class=\"wpb_single_image wpb_content_element vc_align_center\">\n\t\t<div class=\"wpb_wrapper\">\n\t\t\t\n\t\t\t<div class=\"vc_single_image-wrapper   vc_box_border_grey\"><img loading=\"lazy\" decoding=\"async\" width=\"228\" height=\"81\" src=\"https:\/\/www.trffk.ca\/wp-content\/uploads\/2018\/11\/bing-partner-trader.png\" class=\"vc_single_image-img attachment-full\" alt=\"Bing Partner\" title=\"bing-partner-trader\"><\/div>\n\t\t<\/div>\n\t<\/div>\n<\/div><\/div><\/div><div class=\"light_box wpb_column vc_column_container vc_col-sm-4\"><div class=\"vc_column-inner\"><div class=\"wpb_wrapper\">\n\t<div class=\"wpb_single_image wpb_content_element vc_align_center\">\n\t\t<div class=\"wpb_wrapper\">\n\t\t\t\n\t\t\t<div class=\"vc_single_image-wrapper   vc_box_border_grey\"><img loading=\"lazy\" decoding=\"async\" width=\"200\" height=\"81\" src=\"https:\/\/www.trffk.ca\/wp-content\/uploads\/2019\/01\/facebook-pro-marketing-partner-badge.png\" class=\"vc_single_image-img attachment-full\" alt=\"Facebook Pro Marketing Partner\" title=\"facebook-pro-marketing-partner-badge\"><\/div>\n\t\t<\/div>\n\t<\/div>\n<\/div><\/div><\/div><\/div><\/div><\/div><\/div><\/div><\/div><\/div><\/div>\n<\/section>","protected":false},"excerpt":{"rendered":"<p>With TRFFK powered by autoTRADER.ca, you don't just get optimum solutions and strategies. You get a versatile team with acutely focused marketing and auto industry experience to implement them for you. From Online Strategy Consultants to Digital Analysts, our team works cohesively to make sure...<\/p>","protected":false},"author":1,"featured_media":0,"parent":0,"menu_order":0,"comment_status":"closed","ping_status":"closed","template":"full_width.php","meta":{"footnotes":""},"class_list":["post-201","page","type-page","status-publish","hentry"],"_links":{"self":[{"href":"https:\/\/www.trffk.ca\/fr\/wp-json\/wp\/v2\/pages\/201","targetHints":{"allow":["GET"]}}],"collection":[{"href":"https:\/\/www.trffk.ca\/fr\/wp-json\/wp\/v2\/pages"}],"about":[{"href":"https:\/\/www.trffk.ca\/fr\/wp-json\/wp\/v2\/types\/page"}],"author":[{"embeddable":true,"href":"https:\/\/www.trffk.ca\/fr\/wp-json\/wp\/v2\/users\/1"}],"replies":[{"embeddable":true,"href":"https:\/\/www.trffk.ca\/fr\/wp-json\/wp\/v2\/comments?post=201"}],"version-history":[{"count":0,"href":"https:\/\/www.trffk.ca\/fr\/wp-json\/wp\/v2\/pages\/201\/revisions"}],"wp:attachment":[{"href":"https:\/\/www.trffk.ca\/fr\/wp-json\/wp\/v2\/media?parent=201"}],"curies":[{"name":"wp","href":"https:\/\/api.w.org\/{rel}","templated":true}]}}