{"id":317,"date":"2018-02-01T07:25:15","date_gmt":"2018-02-01T07:25:15","guid":{"rendered":"http:\/\/trffk.wpengine.com\/?page_id=317"},"modified":"2023-03-22T12:15:04","modified_gmt":"2023-03-22T17:15:04","slug":"contact-us","status":"publish","type":"page","link":"https:\/\/www.trffk.ca\/fr\/contact-us\/","title":{"rendered":"<p>Nous contacter<\/p>"},"content":{"rendered":"<section class=\"wpb-content-wrapper\"><div class=\"vc_row wpb_row section vc_row-fluid\" style=\" text-align:left;\"><div class=\"full_section_inner clearfix\"><div class=\"wpb_column vc_column_container vc_col-sm-12\"><div class=\"vc_column-inner\"><div class=\"wpb_wrapper\"><div class=\"vc_row wpb_row section vc_row-fluid vc_inner  grid_section\" style=\" padding-top:100px; text-align:center;\"><div class=\"section_inner clearfix\"><div class=\"section_inner_margin clearfix\"><div class=\"wpb_column vc_column_container vc_col-sm-12\"><div class=\"vc_column-inner\"><div class=\"wpb_wrapper\">\n\t<div class=\"wpb_text_column wpb_content_element\">\n\t\t<div class=\"wpb_wrapper\">\n\t\t\t<h1>PARLONS-EN !<\/h1>\n<p>Nos sp\u00e9cialistes sont pr\u00eats \u00e0 aider votre concession d\u00e8s aujourd'hui.<\/p>\n\n\t\t<\/div> \n\t<\/div> \n\t<div class=\"wpb_single_image wpb_content_element vc_align_center  vc_custom_1517470326536\">\n\t\t<div class=\"wpb_wrapper\">\n\t\t\t\n\t\t\t<div class=\"vc_single_image-wrapper   vc_box_border_grey\"><img loading=\"lazy\" decoding=\"async\" class=\"vc_single_image-img\" src=\"https:\/\/www.trffk.ca\/wp-content\/uploads\/2018\/01\/pattern-bar.png\" width=\"126\" height=\"11\" alt=\"pattern-bar\" title=\"barre de motif\"><\/div>\n\t\t<\/div>\n\t<\/div>\n<\/div><\/div><\/div><\/div><\/div><\/div><\/div><\/div><\/div><\/div><\/div><div class=\"vc_row wpb_row section vc_row-fluid\" style=\" padding-bottom:50px; text-align:left;\"><div class=\"full_section_inner clearfix\"><div class=\"wpb_column vc_column_container vc_col-sm-12\"><div class=\"vc_column-inner\"><div class=\"wpb_wrapper\"><div class=\"vc_row wpb_row section vc_row-fluid vc_inner  vertical-mid grid_section\" style=\" text-align:left;\"><div class=\"section_inner clearfix\"><div class=\"section_inner_margin clearfix\"><div class=\"wpb_column vc_column_container vc_col-sm-6\"><div class=\"vc_column-inner\"><div class=\"wpb_wrapper\">\n\t<div class=\"wpb_text_column wpb_content_element\">\n\t\t<div class=\"wpb_wrapper\">\n\t\t\t<h2>Si\u00e8ge social<\/h2>\n<p>TRFFK aliment\u00e9 par autoTRADER.ca<br>\n405 The West Mall Suite 110<br>\nEtobicoke, ON, M9C 5J1<br>\nCanada<\/p>\n\n\t\t<\/div> \n\t<\/div> <\/div><\/div><\/div><div class=\"wpb_column vc_column_container vc_col-sm-6\"><div class=\"vc_column-inner\"><div class=\"wpb_wrapper\"><div class=\"wpforms-container wpforms-container-full\" id=\"wpforms-1876\"><form id=\"wpforms-form-1876\" class=\"wpforms-validate wpforms-form wpforms-ajax-form\" data-formid=\"1876\" method=\"post\" enctype=\"multipart\/form-data\" action=\"\/fr\/wp-json\/wp\/v2\/pages\/317\" data-token=\"9337d16e8d93c3d6f14494e742546645\" data-trp-original-action=\"\/fr\/wp-json\/wp\/v2\/pages\/317\"><noscript class=\"wpforms-error-noscript\">Please enable JavaScript in your browser to complete this form.<\/noscript><div class=\"wpforms-field-container\"><div id=\"wpforms-1876-field_1-container\" class=\"wpforms-field wpforms-field-name\" data-field-id=\"1\"><label class=\"wpforms-field-label wpforms-label-hide\" for=\"wpforms-1876-field_1\">Nom <span class=\"wpforms-required-label\">*<\/span><\/label><div class=\"wpforms-field-row wpforms-field-large\"><div class=\"wpforms-field-row-block wpforms-first wpforms-one-half\"><input type=\"text\" id=\"wpforms-1876-field_1\" class=\"wpforms-field-name-first wpforms-field-required\" name=\"wpforms[fields][1][first]\" placeholder=\"Pr\u00e9nom*\" required><label for=\"wpforms-1876-field_1\" class=\"wpforms-field-sublabel after wpforms-sublabel-hide\">First<\/label><\/div><div class=\"wpforms-field-row-block wpforms-one-half\"><input type=\"text\" id=\"wpforms-1876-field_1-last\" class=\"wpforms-field-name-last wpforms-field-required\" name=\"wpforms[fields][1][last]\" placeholder=\"Nom de famille*\" required><label for=\"wpforms-1876-field_1-last\" class=\"wpforms-field-sublabel after wpforms-sublabel-hide\">Last<\/label><\/div><\/div><\/div><div id=\"wpforms-1876-field_3-container\" class=\"wpforms-field wpforms-field-email\" data-field-id=\"3\"><label class=\"wpforms-field-label wpforms-label-hide\" for=\"wpforms-1876-field_3\">Courriel <span class=\"wpforms-required-label\">*<\/span><\/label><input type=\"email\" id=\"wpforms-1876-field_3\" class=\"wpforms-field-large wpforms-field-required\" name=\"wpforms[fields][3]\" placeholder=\"Adresse \u00e9lectronique*\" spellcheck=\"false\" required><\/div><div id=\"wpforms-1876-field_2-container\" class=\"wpforms-field wpforms-field-phone\" data-field-id=\"2\"><label class=\"wpforms-field-label wpforms-label-hide\" for=\"wpforms-1876-field_2\">T\u00e9l\u00e9phone <span class=\"wpforms-required-label\">*<\/span><\/label><input type=\"tel\" id=\"wpforms-1876-field_2\" class=\"wpforms-field-large wpforms-field-required wpforms-smart-phone-field\" data-rule-smart-phone-field=\"true\" name=\"wpforms[fields][2]\" placeholder=\"Num\u00e9ro de t\u00e9l\u00e9phone*\" required><\/div><div id=\"wpforms-1876-field_4-container\" class=\"wpforms-field wpforms-field-text\" data-field-id=\"4\"><label class=\"wpforms-field-label wpforms-label-hide\" for=\"wpforms-1876-field_4\">Nom du concessionnaire <span class=\"wpforms-required-label\">*<\/span><\/label><input type=\"text\" id=\"wpforms-1876-field_4\" class=\"wpforms-field-large wpforms-field-required\" name=\"wpforms[fields][4]\" placeholder=\"Concessionnaire*\" required><\/div><div id=\"wpforms-1876-field_5-container\" class=\"wpforms-field wpforms-field-textarea\" data-field-id=\"5\"><label class=\"wpforms-field-label wpforms-label-hide\" for=\"wpforms-1876-field_5\">Texte du paragraphe <span class=\"wpforms-required-label\">*<\/span><\/label><textarea id=\"wpforms-1876-field_5\" class=\"wpforms-field-large wpforms-field-required\" name=\"wpforms[fields][5]\" placeholder=\"Comment pouvons-nous vous aider ?\" required><\/textarea><\/div><div id=\"wpforms-1876-field_6-container\" class=\"wpforms-field wpforms-field-gdpr-checkbox\" data-field-id=\"6\"><label class=\"wpforms-field-label wpforms-label-hide\" for=\"wpforms-1876-field_6\">Accord GDPR <span class=\"wpforms-required-label\">*<\/span><\/label><ul id=\"wpforms-1876-field_6\" class=\"wpforms-field-required\"><li class=\"choice-1\"><input type=\"checkbox\" id=\"wpforms-1876-field_6_1\" name=\"wpforms[fields][6][]\" value=\"I agree to receive communications from TRFFK, its partners, and its subsidiary companies.\" required><label class=\"wpforms-field-label-inline\" for=\"wpforms-1876-field_6_1\">J'accepte de recevoir des communications de TRFFK, de ses partenaires et de ses filiales. <span class=\"wpforms-required-label\">*<\/span><\/label><\/li><\/ul><div class=\"wpforms-field-description\">Vous pouvez en savoir plus sur la fa\u00e7on dont nous traitons vos donn\u00e9es \u00e0 caract\u00e8re personnel, comme indiqu\u00e9 dans notre <a href=\"https:\/\/www.trffk.ca\/fr\/privacy-policy\/\">Politique de confidentialit\u00e9.<\/a><\/div><\/div><div id=\"wpforms-1876-field_7-container\" class=\"wpforms-field wpforms-field-captcha\" data-field-id=\"7\"><label class=\"wpforms-field-label wpforms-label-hide\" for=\"wpforms-1876-field_7\">Captcha personnalis\u00e9 <span class=\"wpforms-required-label\">*<\/span><\/label><p id=\"wpforms-1876-field_7-question\" class=\"wpforms-captcha-question\">Qu'est-ce que 7+4 ?<\/p>\n\t\t\t<input type=\"text\" id=\"wpforms-1876-field_7\" class=\"wpforms-field-large wpforms-field-required a\" data-rule-wpf-captcha=\"qa\" data-is-wrapped-field=\"1\" data-a=\"11\" name=\"wpforms[fields][7][a]\" aria-describedby=\"wpforms-1876-field_7-question\" required>\n\t\t\t<input type=\"hidden\" name=\"wpforms[fields][7][q]\" value=\"1\">\n\n\t\t\t<\/div><\/div><!-- .wpforms-field-container --><div class=\"wpforms-recaptcha-container wpforms-is-recaptcha\"><div class=\"g-recaptcha\" data-sitekey=\"6Ld_nCclAAAAAEzmQYtVgHgjfyktTSymg4L37_wb\" data-size=\"invisible\"><\/div><\/div><div class=\"wpforms-submit-container\"><input type=\"hidden\" name=\"wpforms[id]\" value=\"1876\"><input type=\"hidden\" name=\"wpforms[author]\" value=\"1\"><button type=\"submit\" name=\"wpforms[submit]\" id=\"wpforms-submit-1876\" class=\"wpforms-submit\" data-alt-text=\"Sending...\" data-submit-text=\"Submit\" aria-live=\"assertive\" value=\"wpforms-submit\">Soumettre<\/button><img loading=\"lazy\" decoding=\"async\" src=\"https:\/\/www.trffk.ca\/wp-content\/plugins\/wpforms\/assets\/images\/submit-spin.svg\" class=\"wpforms-submit-spinner\" style=\"display: none;\" width=\"26\" height=\"26\" alt=\"Loading\"><\/div><input type=\"hidden\" name=\"trp-form-language\" value=\"fr\"\/><\/form><\/div>  <!-- .wpforms-container --><\/div><\/div><\/div><\/div><\/div><\/div><div class=\"wpb_column vc_column_container vc_col-sm-12\"><div class=\"vc_column-inner\"><div class=\"wpb_wrapper\"><\/div><\/div><\/div><\/div><\/div><\/div>[\/vc_column]<\/div><\/div><div class=\"vc_row wpb_row section vc_row-fluid\" style=\" text-align:left;\"><div class=\"full_section_inner clearfix\"><div class=\"wpb_column vc_column_container vc_col-sm-12\"><div class=\"vc_column-inner\"><div class=\"wpb_wrapper\">\t<div class=\"vc_empty_space\" style=\"height: 30px\"><span class=\"vc_empty_space_inner\">\n\t\t\t<span class=\"empty_space_image\"><\/span>\n\t\t<\/span><\/div>\n\n<div class=\"wpb_gmaps_widget wpb_content_element\"><div class=\"wpb_wrapper\"><div class=\"wpb_map_wraper\"><iframe loading=\"lazy\" src=\"https:\/\/www.google.com\/maps\/embed?pb=!1m18!1m12!1m3!1d2887.122646845731!2d-79.56912304931537!3d43.64561656083728!2m3!1f0!2f0!3f0!3m2!1i1024!2i768!4f13.1!3m3!1m2!1s0x882b3825c5c84027%3A0x825a4bd45b24488a!2s405+The+West+Mall+%23110%2C+Etobicoke%2C+ON+M9C+5J5!5e0!3m2!1sen!2sca!4v1527272215612\" width=\"600\" height=\"450\" frameborder=\"0\" style=\"border:0\" allowfullscreen><\/iframe><\/div><\/div><\/div><\/div><\/div><\/div><\/div><\/div>\n<\/section>","protected":false},"excerpt":{"rendered":"<p>LET'S TALK! Our specialists are revved up and ready to help your dealership today. Head Office TRFFK powered by autoTRADER.ca 405 The West Mall Suite 110 Etobicoke, ON, M9C 5J1 Canada Please enable JavaScript in your browser to complete this form.Name *FirstLastEmail *Phone *Dealership Name...<\/p>","protected":false},"author":1,"featured_media":0,"parent":0,"menu_order":0,"comment_status":"closed","ping_status":"closed","template":"full_width.php","meta":{"footnotes":""},"class_list":["post-317","page","type-page","status-publish","hentry"],"_links":{"self":[{"href":"https:\/\/www.trffk.ca\/fr\/wp-json\/wp\/v2\/pages\/317","targetHints":{"allow":["GET"]}}],"collection":[{"href":"https:\/\/www.trffk.ca\/fr\/wp-json\/wp\/v2\/pages"}],"about":[{"href":"https:\/\/www.trffk.ca\/fr\/wp-json\/wp\/v2\/types\/page"}],"author":[{"embeddable":true,"href":"https:\/\/www.trffk.ca\/fr\/wp-json\/wp\/v2\/users\/1"}],"replies":[{"embeddable":true,"href":"https:\/\/www.trffk.ca\/fr\/wp-json\/wp\/v2\/comments?post=317"}],"version-history":[{"count":0,"href":"https:\/\/www.trffk.ca\/fr\/wp-json\/wp\/v2\/pages\/317\/revisions"}],"wp:attachment":[{"href":"https:\/\/www.trffk.ca\/fr\/wp-json\/wp\/v2\/media?parent=317"}],"curies":[{"name":"wp","href":"https:\/\/api.w.org\/{rel}","templated":true}]}}